{"id":773,"date":"2024-01-04T19:14:19","date_gmt":"2024-01-05T00:14:19","guid":{"rendered":"https:\/\/reborn.acxcomdev.com\/produit\/shirt-reborn\/"},"modified":"2025-06-05T14:08:55","modified_gmt":"2025-06-05T18:08:55","slug":"shirt-reborn","status":"publish","type":"product","link":"https:\/\/reborn-renaissance.com\/en\/produit\/shirt-reborn\/","title":{"rendered":"Shirt | Reborn"},"content":{"rendered":"<p>Modern cut, breathable fabric, and careful details. A perfect sweater for a casual style, day or night. Redefine your wardrobe with this versatile and timeless piece.<\/p>\n<p><img loading=\"lazy\" decoding=\"async\" class=\"alignnone size-full wp-image-804\" src=\"https:\/\/reborn-renaissance.com\/wp-content\/uploads\/2024\/01\/Size-Chart.png\" alt=\"\" width=\"1406\" height=\"444\" srcset=\"https:\/\/reborn-renaissance.com\/wp-content\/uploads\/2024\/01\/Size-Chart.png 1406w, https:\/\/reborn-renaissance.com\/wp-content\/uploads\/2024\/01\/Size-Chart-1280x404.png 1280w, https:\/\/reborn-renaissance.com\/wp-content\/uploads\/2024\/01\/Size-Chart-980x309.png 980w, https:\/\/reborn-renaissance.com\/wp-content\/uploads\/2024\/01\/Size-Chart-480x152.png 480w\" sizes=\"(min-width: 0px) and (max-width: 480px) 480px, (min-width: 481px) and (max-width: 980px) 980px, (min-width: 981px) and (max-width: 1280px) 1280px, (min-width: 1281px) 1406px, 100vw\" \/><\/p>\n","protected":false},"excerpt":{"rendered":"<p>100% Coton. Available in 3 color options.<\/p>\n","protected":false},"featured_media":949,"comment_status":"open","ping_status":"closed","template":"","meta":{"_et_pb_use_builder":"","_et_pb_old_content":"","_et_gb_content_width":"","inline_featured_image":false},"product_brand":[],"product_cat":[36],"product_tag":[],"class_list":{"0":"post-773","1":"product","2":"type-product","3":"status-publish","4":"has-post-thumbnail","6":"product_cat-shirts","8":"first","9":"instock","10":"featured","11":"taxable","12":"shipping-taxable","13":"purchasable","14":"product-type-variable"},"yoast_head":"<!-- This site is optimized with the Yoast SEO plugin v26.2 - https:\/\/yoast.com\/wordpress\/plugins\/seo\/ -->\n<title>Shirt | Reborn - Reborn<\/title>\n<meta name=\"robots\" content=\"index, follow, max-snippet:-1, max-image-preview:large, max-video-preview:-1\" \/>\n<link rel=\"canonical\" href=\"https:\/\/reborn-renaissance.com\/en\/produit\/shirt-reborn\/\" \/>\n<meta property=\"og:locale\" content=\"en_US\" \/>\n<meta property=\"og:type\" content=\"article\" \/>\n<meta property=\"og:title\" content=\"Shirt | Reborn - Reborn\" \/>\n<meta property=\"og:description\" content=\"100% Coton. Available in 3 color options.\" \/>\n<meta property=\"og:url\" content=\"https:\/\/reborn-renaissance.com\/en\/produit\/shirt-reborn\/\" \/>\n<meta property=\"og:site_name\" content=\"Reborn\" \/>\n<meta property=\"article:modified_time\" content=\"2025-06-05T18:08:55+00:00\" \/>\n<meta property=\"og:image\" content=\"https:\/\/reborn-renaissance.com\/wp-content\/uploads\/2024\/01\/reborn-black.png\" \/>\n\t<meta property=\"og:image:width\" content=\"750\" \/>\n\t<meta property=\"og:image:height\" content=\"750\" \/>\n\t<meta property=\"og:image:type\" content=\"image\/png\" \/>\n<meta name=\"twitter:card\" content=\"summary_large_image\" \/>\n<script type=\"application\/ld+json\" class=\"yoast-schema-graph\">{\"@context\":\"https:\/\/schema.org\",\"@graph\":[{\"@type\":\"WebPage\",\"@id\":\"https:\/\/reborn-renaissance.com\/en\/produit\/shirt-reborn\/\",\"url\":\"https:\/\/reborn-renaissance.com\/en\/produit\/shirt-reborn\/\",\"name\":\"Shirt | Reborn - Reborn\",\"isPartOf\":{\"@id\":\"https:\/\/reborn-renaissance.com\/#website\"},\"primaryImageOfPage\":{\"@id\":\"https:\/\/reborn-renaissance.com\/en\/produit\/shirt-reborn\/#primaryimage\"},\"image\":{\"@id\":\"https:\/\/reborn-renaissance.com\/en\/produit\/shirt-reborn\/#primaryimage\"},\"thumbnailUrl\":\"https:\/\/reborn-renaissance.com\/wp-content\/uploads\/2024\/01\/reborn-black.png\",\"datePublished\":\"2024-01-05T00:14:19+00:00\",\"dateModified\":\"2025-06-05T18:08:55+00:00\",\"breadcrumb\":{\"@id\":\"https:\/\/reborn-renaissance.com\/en\/produit\/shirt-reborn\/#breadcrumb\"},\"inLanguage\":\"en-US\",\"potentialAction\":[{\"@type\":\"ReadAction\",\"target\":[\"https:\/\/reborn-renaissance.com\/en\/produit\/shirt-reborn\/\"]}]},{\"@type\":\"ImageObject\",\"inLanguage\":\"en-US\",\"@id\":\"https:\/\/reborn-renaissance.com\/en\/produit\/shirt-reborn\/#primaryimage\",\"url\":\"https:\/\/reborn-renaissance.com\/wp-content\/uploads\/2024\/01\/reborn-black.png\",\"contentUrl\":\"https:\/\/reborn-renaissance.com\/wp-content\/uploads\/2024\/01\/reborn-black.png\",\"width\":750,\"height\":750},{\"@type\":\"BreadcrumbList\",\"@id\":\"https:\/\/reborn-renaissance.com\/en\/produit\/shirt-reborn\/#breadcrumb\",\"itemListElement\":[{\"@type\":\"ListItem\",\"position\":1,\"name\":\"Accueil\",\"item\":\"https:\/\/reborn-renaissance.com\/en\/\"},{\"@type\":\"ListItem\",\"position\":2,\"name\":\"Shop\",\"item\":\"https:\/\/reborn-renaissance.com\/en\/shop\/\"},{\"@type\":\"ListItem\",\"position\":3,\"name\":\"Shirt | Reborn\"}]},{\"@type\":\"WebSite\",\"@id\":\"https:\/\/reborn-renaissance.com\/#website\",\"url\":\"https:\/\/reborn-renaissance.com\/\",\"name\":\"Reborn\",\"description\":\"V\u00eatements imprim\u00e9s - Nous redonnons \u00e0 la communaut\u00e9\",\"publisher\":{\"@id\":\"https:\/\/reborn-renaissance.com\/#organization\"},\"potentialAction\":[{\"@type\":\"SearchAction\",\"target\":{\"@type\":\"EntryPoint\",\"urlTemplate\":\"https:\/\/reborn-renaissance.com\/?s={search_term_string}\"},\"query-input\":{\"@type\":\"PropertyValueSpecification\",\"valueRequired\":true,\"valueName\":\"search_term_string\"}}],\"inLanguage\":\"en-US\"},{\"@type\":\"Organization\",\"@id\":\"https:\/\/reborn-renaissance.com\/#organization\",\"name\":\"Reborn\",\"url\":\"https:\/\/reborn-renaissance.com\/\",\"logo\":{\"@type\":\"ImageObject\",\"inLanguage\":\"en-US\",\"@id\":\"https:\/\/reborn-renaissance.com\/#\/schema\/logo\/image\/\",\"url\":\"https:\/\/reborn-renaissance.com\/wp-content\/uploads\/2024\/01\/logo-dark.svg\",\"contentUrl\":\"https:\/\/reborn-renaissance.com\/wp-content\/uploads\/2024\/01\/logo-dark.svg\",\"width\":\"1024\",\"height\":\"1024\",\"caption\":\"Reborn\"},\"image\":{\"@id\":\"https:\/\/reborn-renaissance.com\/#\/schema\/logo\/image\/\"}}]}<\/script>\n<!-- \/ Yoast SEO plugin. -->","yoast_head_json":{"title":"Shirt | Reborn - Reborn","robots":{"index":"index","follow":"follow","max-snippet":"max-snippet:-1","max-image-preview":"max-image-preview:large","max-video-preview":"max-video-preview:-1"},"canonical":"https:\/\/reborn-renaissance.com\/en\/produit\/shirt-reborn\/","og_locale":"en_US","og_type":"article","og_title":"Shirt | Reborn - Reborn","og_description":"100% Coton. Available in 3 color options.","og_url":"https:\/\/reborn-renaissance.com\/en\/produit\/shirt-reborn\/","og_site_name":"Reborn","article_modified_time":"2025-06-05T18:08:55+00:00","og_image":[{"width":750,"height":750,"url":"https:\/\/reborn-renaissance.com\/wp-content\/uploads\/2024\/01\/reborn-black.png","type":"image\/png"}],"twitter_card":"summary_large_image","schema":{"@context":"https:\/\/schema.org","@graph":[{"@type":"WebPage","@id":"https:\/\/reborn-renaissance.com\/en\/produit\/shirt-reborn\/","url":"https:\/\/reborn-renaissance.com\/en\/produit\/shirt-reborn\/","name":"Shirt | Reborn - Reborn","isPartOf":{"@id":"https:\/\/reborn-renaissance.com\/#website"},"primaryImageOfPage":{"@id":"https:\/\/reborn-renaissance.com\/en\/produit\/shirt-reborn\/#primaryimage"},"image":{"@id":"https:\/\/reborn-renaissance.com\/en\/produit\/shirt-reborn\/#primaryimage"},"thumbnailUrl":"https:\/\/reborn-renaissance.com\/wp-content\/uploads\/2024\/01\/reborn-black.png","datePublished":"2024-01-05T00:14:19+00:00","dateModified":"2025-06-05T18:08:55+00:00","breadcrumb":{"@id":"https:\/\/reborn-renaissance.com\/en\/produit\/shirt-reborn\/#breadcrumb"},"inLanguage":"en-US","potentialAction":[{"@type":"ReadAction","target":["https:\/\/reborn-renaissance.com\/en\/produit\/shirt-reborn\/"]}]},{"@type":"ImageObject","inLanguage":"en-US","@id":"https:\/\/reborn-renaissance.com\/en\/produit\/shirt-reborn\/#primaryimage","url":"https:\/\/reborn-renaissance.com\/wp-content\/uploads\/2024\/01\/reborn-black.png","contentUrl":"https:\/\/reborn-renaissance.com\/wp-content\/uploads\/2024\/01\/reborn-black.png","width":750,"height":750},{"@type":"BreadcrumbList","@id":"https:\/\/reborn-renaissance.com\/en\/produit\/shirt-reborn\/#breadcrumb","itemListElement":[{"@type":"ListItem","position":1,"name":"Accueil","item":"https:\/\/reborn-renaissance.com\/en\/"},{"@type":"ListItem","position":2,"name":"Shop","item":"https:\/\/reborn-renaissance.com\/en\/shop\/"},{"@type":"ListItem","position":3,"name":"Shirt | Reborn"}]},{"@type":"WebSite","@id":"https:\/\/reborn-renaissance.com\/#website","url":"https:\/\/reborn-renaissance.com\/","name":"Reborn","description":"V\u00eatements imprim\u00e9s - Nous redonnons \u00e0 la communaut\u00e9","publisher":{"@id":"https:\/\/reborn-renaissance.com\/#organization"},"potentialAction":[{"@type":"SearchAction","target":{"@type":"EntryPoint","urlTemplate":"https:\/\/reborn-renaissance.com\/?s={search_term_string}"},"query-input":{"@type":"PropertyValueSpecification","valueRequired":true,"valueName":"search_term_string"}}],"inLanguage":"en-US"},{"@type":"Organization","@id":"https:\/\/reborn-renaissance.com\/#organization","name":"Reborn","url":"https:\/\/reborn-renaissance.com\/","logo":{"@type":"ImageObject","inLanguage":"en-US","@id":"https:\/\/reborn-renaissance.com\/#\/schema\/logo\/image\/","url":"https:\/\/reborn-renaissance.com\/wp-content\/uploads\/2024\/01\/logo-dark.svg","contentUrl":"https:\/\/reborn-renaissance.com\/wp-content\/uploads\/2024\/01\/logo-dark.svg","width":"1024","height":"1024","caption":"Reborn"},"image":{"@id":"https:\/\/reborn-renaissance.com\/#\/schema\/logo\/image\/"}}]}},"_links":{"self":[{"href":"https:\/\/reborn-renaissance.com\/en\/wp-json\/wp\/v2\/product\/773","targetHints":{"allow":["GET"]}}],"collection":[{"href":"https:\/\/reborn-renaissance.com\/en\/wp-json\/wp\/v2\/product"}],"about":[{"href":"https:\/\/reborn-renaissance.com\/en\/wp-json\/wp\/v2\/types\/product"}],"replies":[{"embeddable":true,"href":"https:\/\/reborn-renaissance.com\/en\/wp-json\/wp\/v2\/comments?post=773"}],"wp:featuredmedia":[{"embeddable":true,"href":"https:\/\/reborn-renaissance.com\/en\/wp-json\/wp\/v2\/media\/949"}],"wp:attachment":[{"href":"https:\/\/reborn-renaissance.com\/en\/wp-json\/wp\/v2\/media?parent=773"}],"wp:term":[{"taxonomy":"product_brand","embeddable":true,"href":"https:\/\/reborn-renaissance.com\/en\/wp-json\/wp\/v2\/product_brand?post=773"},{"taxonomy":"product_cat","embeddable":true,"href":"https:\/\/reborn-renaissance.com\/en\/wp-json\/wp\/v2\/product_cat?post=773"},{"taxonomy":"product_tag","embeddable":true,"href":"https:\/\/reborn-renaissance.com\/en\/wp-json\/wp\/v2\/product_tag?post=773"}],"curies":[{"name":"wp","href":"https:\/\/api.w.org\/{rel}","templated":true}]}}