{"id":664,"date":"2024-01-04T18:16:28","date_gmt":"2024-01-04T18:16:28","guid":{"rendered":"https:\/\/reborn.acxcomdev.com\/my-account\/"},"modified":"2024-03-19T14:24:39","modified_gmt":"2024-03-19T14:24:39","slug":"my-account","status":"publish","type":"page","link":"https:\/\/reborn-renaissance.com\/en\/my-account\/","title":{"rendered":"My Account"},"content":{"rendered":"<p>[et_pb_section fb_built=&#8221;1&#8243; admin_label=&#8221;section&#8221; _builder_version=&#8221;4.16&#8243; global_colors_info=&#8221;{}&#8221;][et_pb_row admin_label=&#8221;row&#8221; _builder_version=&#8221;4.16&#8243; background_size=&#8221;initial&#8221; background_position=&#8221;top_left&#8221; background_repeat=&#8221;repeat&#8221; global_colors_info=&#8221;{}&#8221;][et_pb_column type=&#8221;4_4&#8243; _builder_version=&#8221;4.16&#8243; custom_padding=&#8221;|||&#8221; global_colors_info=&#8221;{}&#8221; custom_padding__hover=&#8221;|||&#8221;][et_pb_text admin_label=&#8221;Text&#8221; _builder_version=&#8221;4.24.2&#8243; background_size=&#8221;initial&#8221; background_position=&#8221;top_left&#8221; background_repeat=&#8221;repeat&#8221; hover_enabled=&#8221;0&#8243; global_colors_info=&#8221;{}&#8221; sticky_enabled=&#8221;0&#8243;]<\/p>\n<div class=\"woocommerce\"><\/div>\n<\/p>\n<p>[\/et_pb_text][\/et_pb_column][\/et_pb_row][\/et_pb_section]<\/p>\n","protected":false},"excerpt":{"rendered":"<div class=\"woocommerce\"><\/div>\n","protected":false},"author":1,"featured_media":0,"parent":0,"menu_order":0,"comment_status":"closed","ping_status":"closed","template":"","meta":{"_et_pb_use_builder":"on","_et_pb_old_content":"","_et_gb_content_width":"","inline_featured_image":false,"footnotes":""},"class_list":["post-664","page","type-page","status-publish","hentry"],"yoast_head":"<!-- This site is optimized with the Yoast SEO plugin v26.2 - https:\/\/yoast.com\/wordpress\/plugins\/seo\/ -->\n<title>My Account - Reborn<\/title>\n<meta name=\"robots\" content=\"index, follow, max-snippet:-1, max-image-preview:large, max-video-preview:-1\" \/>\n<link rel=\"canonical\" href=\"https:\/\/reborn-renaissance.com\/en\/my-account\/\" \/>\n<meta property=\"og:locale\" content=\"en_US\" \/>\n<meta property=\"og:type\" content=\"article\" \/>\n<meta property=\"og:title\" content=\"My Account - Reborn\" \/>\n<meta property=\"og:url\" content=\"https:\/\/reborn-renaissance.com\/en\/my-account\/\" \/>\n<meta property=\"og:site_name\" content=\"Reborn\" \/>\n<meta property=\"article:modified_time\" content=\"2024-03-19T14:24:39+00:00\" \/>\n<meta name=\"twitter:card\" content=\"summary_large_image\" \/>\n<meta name=\"twitter:description\" content=\"[woocommerce_my_account]\" \/>\n<script type=\"application\/ld+json\" class=\"yoast-schema-graph\">{\"@context\":\"https:\/\/schema.org\",\"@graph\":[{\"@type\":\"WebPage\",\"@id\":\"https:\/\/reborn-renaissance.com\/en\/my-account\/\",\"url\":\"https:\/\/reborn-renaissance.com\/en\/my-account\/\",\"name\":\"My Account - Reborn\",\"isPartOf\":{\"@id\":\"https:\/\/reborn-renaissance.com\/#website\"},\"datePublished\":\"2024-01-04T18:16:28+00:00\",\"dateModified\":\"2024-03-19T14:24:39+00:00\",\"breadcrumb\":{\"@id\":\"https:\/\/reborn-renaissance.com\/en\/my-account\/#breadcrumb\"},\"inLanguage\":\"en-US\",\"potentialAction\":[{\"@type\":\"ReadAction\",\"target\":[\"https:\/\/reborn-renaissance.com\/en\/my-account\/\"]}]},{\"@type\":\"BreadcrumbList\",\"@id\":\"https:\/\/reborn-renaissance.com\/en\/my-account\/#breadcrumb\",\"itemListElement\":[{\"@type\":\"ListItem\",\"position\":1,\"name\":\"Accueil\",\"item\":\"https:\/\/reborn-renaissance.com\/en\/\"},{\"@type\":\"ListItem\",\"position\":2,\"name\":\"My Account\"}]},{\"@type\":\"WebSite\",\"@id\":\"https:\/\/reborn-renaissance.com\/#website\",\"url\":\"https:\/\/reborn-renaissance.com\/\",\"name\":\"Reborn\",\"description\":\"V\u00eatements imprim\u00e9s - Nous redonnons \u00e0 la communaut\u00e9\",\"publisher\":{\"@id\":\"https:\/\/reborn-renaissance.com\/#organization\"},\"potentialAction\":[{\"@type\":\"SearchAction\",\"target\":{\"@type\":\"EntryPoint\",\"urlTemplate\":\"https:\/\/reborn-renaissance.com\/?s={search_term_string}\"},\"query-input\":{\"@type\":\"PropertyValueSpecification\",\"valueRequired\":true,\"valueName\":\"search_term_string\"}}],\"inLanguage\":\"en-US\"},{\"@type\":\"Organization\",\"@id\":\"https:\/\/reborn-renaissance.com\/#organization\",\"name\":\"Reborn\",\"url\":\"https:\/\/reborn-renaissance.com\/\",\"logo\":{\"@type\":\"ImageObject\",\"inLanguage\":\"en-US\",\"@id\":\"https:\/\/reborn-renaissance.com\/#\/schema\/logo\/image\/\",\"url\":\"https:\/\/reborn-renaissance.com\/wp-content\/uploads\/2024\/01\/logo-dark.svg\",\"contentUrl\":\"https:\/\/reborn-renaissance.com\/wp-content\/uploads\/2024\/01\/logo-dark.svg\",\"width\":\"1024\",\"height\":\"1024\",\"caption\":\"Reborn\"},\"image\":{\"@id\":\"https:\/\/reborn-renaissance.com\/#\/schema\/logo\/image\/\"}}]}<\/script>\n<!-- \/ Yoast SEO plugin. -->","yoast_head_json":{"title":"My Account - Reborn","robots":{"index":"index","follow":"follow","max-snippet":"max-snippet:-1","max-image-preview":"max-image-preview:large","max-video-preview":"max-video-preview:-1"},"canonical":"https:\/\/reborn-renaissance.com\/en\/my-account\/","og_locale":"en_US","og_type":"article","og_title":"My Account - Reborn","og_url":"https:\/\/reborn-renaissance.com\/en\/my-account\/","og_site_name":"Reborn","article_modified_time":"2024-03-19T14:24:39+00:00","twitter_card":"summary_large_image","twitter_description":"[woocommerce_my_account]","schema":{"@context":"https:\/\/schema.org","@graph":[{"@type":"WebPage","@id":"https:\/\/reborn-renaissance.com\/en\/my-account\/","url":"https:\/\/reborn-renaissance.com\/en\/my-account\/","name":"My Account - Reborn","isPartOf":{"@id":"https:\/\/reborn-renaissance.com\/#website"},"datePublished":"2024-01-04T18:16:28+00:00","dateModified":"2024-03-19T14:24:39+00:00","breadcrumb":{"@id":"https:\/\/reborn-renaissance.com\/en\/my-account\/#breadcrumb"},"inLanguage":"en-US","potentialAction":[{"@type":"ReadAction","target":["https:\/\/reborn-renaissance.com\/en\/my-account\/"]}]},{"@type":"BreadcrumbList","@id":"https:\/\/reborn-renaissance.com\/en\/my-account\/#breadcrumb","itemListElement":[{"@type":"ListItem","position":1,"name":"Accueil","item":"https:\/\/reborn-renaissance.com\/en\/"},{"@type":"ListItem","position":2,"name":"My Account"}]},{"@type":"WebSite","@id":"https:\/\/reborn-renaissance.com\/#website","url":"https:\/\/reborn-renaissance.com\/","name":"Reborn","description":"V\u00eatements imprim\u00e9s - Nous redonnons \u00e0 la communaut\u00e9","publisher":{"@id":"https:\/\/reborn-renaissance.com\/#organization"},"potentialAction":[{"@type":"SearchAction","target":{"@type":"EntryPoint","urlTemplate":"https:\/\/reborn-renaissance.com\/?s={search_term_string}"},"query-input":{"@type":"PropertyValueSpecification","valueRequired":true,"valueName":"search_term_string"}}],"inLanguage":"en-US"},{"@type":"Organization","@id":"https:\/\/reborn-renaissance.com\/#organization","name":"Reborn","url":"https:\/\/reborn-renaissance.com\/","logo":{"@type":"ImageObject","inLanguage":"en-US","@id":"https:\/\/reborn-renaissance.com\/#\/schema\/logo\/image\/","url":"https:\/\/reborn-renaissance.com\/wp-content\/uploads\/2024\/01\/logo-dark.svg","contentUrl":"https:\/\/reborn-renaissance.com\/wp-content\/uploads\/2024\/01\/logo-dark.svg","width":"1024","height":"1024","caption":"Reborn"},"image":{"@id":"https:\/\/reborn-renaissance.com\/#\/schema\/logo\/image\/"}}]}},"_links":{"self":[{"href":"https:\/\/reborn-renaissance.com\/en\/wp-json\/wp\/v2\/pages\/664","targetHints":{"allow":["GET"]}}],"collection":[{"href":"https:\/\/reborn-renaissance.com\/en\/wp-json\/wp\/v2\/pages"}],"about":[{"href":"https:\/\/reborn-renaissance.com\/en\/wp-json\/wp\/v2\/types\/page"}],"author":[{"embeddable":true,"href":"https:\/\/reborn-renaissance.com\/en\/wp-json\/wp\/v2\/users\/1"}],"replies":[{"embeddable":true,"href":"https:\/\/reborn-renaissance.com\/en\/wp-json\/wp\/v2\/comments?post=664"}],"version-history":[{"count":1,"href":"https:\/\/reborn-renaissance.com\/en\/wp-json\/wp\/v2\/pages\/664\/revisions"}],"predecessor-version":[{"id":665,"href":"https:\/\/reborn-renaissance.com\/en\/wp-json\/wp\/v2\/pages\/664\/revisions\/665"}],"wp:attachment":[{"href":"https:\/\/reborn-renaissance.com\/en\/wp-json\/wp\/v2\/media?parent=664"}],"curies":[{"name":"wp","href":"https:\/\/api.w.org\/{rel}","templated":true}]}}